{"id":11,"date":"2025-03-13T11:35:23","date_gmt":"2025-03-13T11:35:23","guid":{"rendered":"https:\/\/lamulaparda.cl\/?page_id=11"},"modified":"2026-03-29T15:45:17","modified_gmt":"2026-03-29T15:45:17","slug":"nuestro-proyecto","status":"publish","type":"page","link":"https:\/\/lamulaparda.cl\/index.php\/nuestro-proyecto\/","title":{"rendered":"Nuestro Proyecto"},"content":{"rendered":"\t\t<div data-elementor-type=\"wp-page\" data-elementor-id=\"11\" class=\"elementor elementor-11\" data-elementor-post-type=\"page\">\n\t\t\t\t<div class=\"elementor-element elementor-element-b717dc1 e-con-full e-flex e-con e-parent\" data-id=\"b717dc1\" data-element_type=\"container\">\n\t\t<div class=\"elementor-element elementor-element-fa67129 e-con-full e-flex e-con e-child\" data-id=\"fa67129\" data-element_type=\"container\">\n\t\t<div class=\"elementor-element elementor-element-307b964 e-con-full e-flex e-con e-child\" data-id=\"307b964\" data-element_type=\"container\">\n\t\t<div class=\"elementor-element elementor-element-5c79f10 e-con-full e-flex e-con e-child\" data-id=\"5c79f10\" data-element_type=\"container\">\n\t\t\t\t<\/div>\n\t\t\t\t<\/div>\n\t\t\t\t<\/div>\n\t\t<div class=\"elementor-element elementor-element-d302947 e-con-full e-flex e-con e-child\" data-id=\"d302947\" data-element_type=\"container\">\n\t\t<div class=\"elementor-element elementor-element-c3eba2d e-con-full e-flex e-con e-child\" data-id=\"c3eba2d\" data-element_type=\"container\">\n\t\t\t\t<div class=\"elementor-element elementor-element-7c9166d elementor-widget elementor-widget-heading\" data-id=\"7c9166d\" data-element_type=\"widget\" data-widget_type=\"heading.default\">\n\t\t\t\t<div class=\"elementor-widget-container\">\n\t\t\t\t\t<h2 class=\"elementor-heading-title elementor-size-default\">Cata Jonda con Paqui Lara<\/h2>\t\t\t\t<\/div>\n\t\t\t\t<\/div>\n\t\t\t\t<div class=\"elementor-element elementor-element-da4a3e8 elementor-widget elementor-widget-text-editor\" data-id=\"da4a3e8\" data-element_type=\"widget\" data-widget_type=\"text-editor.default\">\n\t\t\t\t<div class=\"elementor-widget-container\">\n\t\t\t\t\t\t\t\t\t<p>Como adelanto del Festival Flamenco \u00abLa Mula Parda -Cantes de ida y vuelta-\u00bb presentamos en Chile a Paqui Lara, acompa\u00f1ada por la guitarra de Manuel Peralta.\u2028El Festival que conmemorar\u00e1 el 15\u00ba aniversario de la declaraci\u00f3n del Flamenco como Patrimonio Cultural Inmaterial de la Humanidad por la UNESCO, ofrece un adelanto en abril, como prueba de la calidad programada.<\/p>\t\t\t\t\t\t\t\t<\/div>\n\t\t\t\t<\/div>\n\t\t<div class=\"elementor-element elementor-element-7869c78 e-con-full e-flex e-con e-child\" data-id=\"7869c78\" data-element_type=\"container\">\n\t\t\t\t<div class=\"elementor-element elementor-element-e8fd4a3 elementor-widget__width-auto elementor-widget elementor-widget-heading\" data-id=\"e8fd4a3\" data-element_type=\"widget\" data-widget_type=\"heading.default\">\n\t\t\t\t<div class=\"elementor-widget-container\">\n\t\t\t\t\t<h2 class=\"elementor-heading-title elementor-size-default\">Efem\u00e9ride<\/h2>\t\t\t\t<\/div>\n\t\t\t\t<\/div>\n\t\t\t\t<\/div>\n\t\t\t\t<div class=\"elementor-element elementor-element-19b7b60 elementor-widget elementor-widget-text-editor\" data-id=\"19b7b60\" data-element_type=\"widget\" data-widget_type=\"text-editor.default\">\n\t\t\t\t<div class=\"elementor-widget-container\">\n\t\t\t\t\t\t\t\t\t<p>El 16 de noviembre de 2010, a propuesta de la Consejer\u00eda de Cultura de la Junta de Andaluc\u00eda, por iniciativa de la entonces Agencia Andaluza para el Desarrollo del Flamenco (hoy Instituto Andaluz del Flamenco) y especialmente por la dedicaci\u00f3n y empe\u00f1o de su coordinadora\/ directora, D\u00f1\u00aa Mar\u00eda \u00c1ngeles Carrasco, la UNESCO incluy\u00f3 al Flamenco en la lista de manifestaciones art\u00edsticas pertenecientes al Patrimonio Cultural Inmaterial de la Humanidad. Hoy, en v\u00edsperas del 15\u00ba aniversario, nos proponemos recordarlo de la manera m\u00e1s adecuada, esto es, con la celebraci\u00f3n de un Festival Flamenco desarrollado en pureza.<\/p>\t\t\t\t\t\t\t\t<\/div>\n\t\t\t\t<\/div>\n\t\t<div class=\"elementor-element elementor-element-07d319d e-con-full e-flex e-con e-child\" data-id=\"07d319d\" data-element_type=\"container\">\n\t\t\t\t<div class=\"elementor-element elementor-element-5c219ae elementor-widget__width-auto elementor-widget elementor-widget-heading\" data-id=\"5c219ae\" data-element_type=\"widget\" data-widget_type=\"heading.default\">\n\t\t\t\t<div class=\"elementor-widget-container\">\n\t\t\t\t\t<h2 class=\"elementor-heading-title elementor-size-default\">A qu\u00e9 llamamos Flamenco<\/h2>\t\t\t\t<\/div>\n\t\t\t\t<\/div>\n\t\t\t\t<div class=\"elementor-element elementor-element-b7b4de5 elementor-widget elementor-widget-text-editor\" data-id=\"b7b4de5\" data-element_type=\"widget\" data-widget_type=\"text-editor.default\">\n\t\t\t\t<div class=\"elementor-widget-container\">\n\t\t\t\t\t\t\t\t\t<p>Nosotros decimos que el flamenco es, en primer lugar, una forma de entender la vida, pasional y distante a la vez. \u2028Este festival propone un contacto \u00edntimo con el espectador que desee acercarse; una experiencia fundamentada en lo que se vive de manera reservada en Andaluc\u00eda.<\/p><p>Llamamos<em> Cantes de Ida y Vuelta<\/em> al conjunto de palos del flamenco que atravesaron el atl\u00e1ntico. Hablamos de la milonga flamenca, la guajira, la vidalita, la colombiana, y la rumba, entre otros.\u2028Nuestra Mula Parda se encargar\u00e1 de transportarlos.<\/p>\t\t\t\t\t\t\t\t<\/div>\n\t\t\t\t<\/div>\n\t\t\t\t<\/div>\n\t\t<div class=\"elementor-element elementor-element-8dcdb04 e-con-full e-flex e-con e-child\" data-id=\"8dcdb04\" data-element_type=\"container\">\n\t\t\t\t<div class=\"elementor-element elementor-element-a894d3d elementor-widget__width-auto elementor-widget elementor-widget-heading\" data-id=\"a894d3d\" data-element_type=\"widget\" data-widget_type=\"heading.default\">\n\t\t\t\t<div class=\"elementor-widget-container\">\n\t\t\t\t\t<h2 class=\"elementor-heading-title elementor-size-default\">Inspiradores de nuestro proyecto<\/h2>\t\t\t\t<\/div>\n\t\t\t\t<\/div>\n\t\t\t\t<div class=\"elementor-element elementor-element-deda4ff elementor-widget elementor-widget-text-editor\" data-id=\"deda4ff\" data-element_type=\"widget\" data-widget_type=\"text-editor.default\">\n\t\t\t\t<div class=\"elementor-widget-container\">\n\t\t\t\t\t\t\t\t\t<p>Este proyecto est\u00e1 inspirado en el trabajo y filosof\u00eda art\u00edstica de las siguientes asociaciones y festivales:<\/p><p><strong>\u2028Pe\u00f1a Flamenca \u201cTorres Macarena\u201d.<\/strong><br \/>Decana de las pe\u00f1as sevillanas y referente mundial de este arte.<\/p><p><strong>\u2028Pe\u00f1a \u201cAires Flamencos de Sevilla\u201d.<\/strong><br \/>Dirigida por D. Miguel Camacho Ram\u00edrez.<\/p><p><strong>\u2028Pe\u00f1a Flamenca \u201cLa Bambera\u201d.<\/strong><br \/>Dirigida por D. Pedro L\u00f3peh.<\/p><p><strong>\u2028Festival Flamenco \u201cFiebre del Cante\u201d.<\/strong><br \/>Encuentro anual concebido para un p\u00fablico interesado en convivir con el flamenco en cuerpo y esp\u00edritu.\u2028 \u2028<\/p><p>Si tienes un escenario y quieres que programemos juntos, comun\u00edcate a nuestro correo lamulaparda.flamenco@gmail.com<\/p>\t\t\t\t\t\t\t\t<\/div>\n\t\t\t\t<\/div>\n\t\t\t\t<div class=\"elementor-element elementor-element-fd56ce5 elementor-widget elementor-widget-heading\" data-id=\"fd56ce5\" data-element_type=\"widget\" data-widget_type=\"heading.default\">\n\t\t\t\t<div class=\"elementor-widget-container\">\n\t\t\t\t\t<h2 class=\"elementor-heading-title elementor-size-default\">EL PROYECTO CRECE<\/h2>\t\t\t\t<\/div>\n\t\t\t\t<\/div>\n\t\t\t\t<div class=\"elementor-element elementor-element-1cd5842 elementor-widget elementor-widget-text-editor\" data-id=\"1cd5842\" data-element_type=\"widget\" data-widget_type=\"text-editor.default\">\n\t\t\t\t<div class=\"elementor-widget-container\">\n\t\t\t\t\t\t\t\t\t<p>La Mula Parda nacio con un objetivo claro: llevar a Chile el flamenco de raiz, el que vive en las penas y los festivales de Andalucia, fuera de los circuitos comerciales. Ese objetivo no ha cambiado.<\/p><p>Pero el proyecto ha crecido. La primera gira, con Paqui Lara y Manuel Peralta, demostro algo que intuiamos pero que necesitabamos confirmar: el publico chileno tiene la sensibilidad y la curiosidad necesarias para recibir el flamenco como merece. No como espectaculo folklorico, sino como lo que es: un arte escenico de primera magnitud, comparable a la opera, el jazz o el tango.<br \/>De ese encuentro entre artistas andaluces y musicos chilenos nacio algo nuevo.<\/p><p>El Quinteto Contrapunto es la primera consecuencia visible: un grupo de musicos chilenos que decidieron no imitar el flamenco, sino dialogar con el. El resultado es Jazzeros y Aflamencados, con Cantes de Ida y Vuelta.<\/p><p>Seguimos trabajando. Nuevas ideas, nuevos proyectos, nuevos grupos. Siempre con el flamenco como eje y con Chile como escenario.<\/p>\t\t\t\t\t\t\t\t<\/div>\n\t\t\t\t<\/div>\n\t\t\t\t<div class=\"elementor-element elementor-element-8f3e410 elementor-widget__width-auto elementor-widget elementor-widget-heading\" data-id=\"8f3e410\" data-element_type=\"widget\" data-widget_type=\"heading.default\">\n\t\t\t\t<div class=\"elementor-widget-container\">\n\t\t\t\t\t<h2 class=\"elementor-heading-title elementor-size-default\">EL QUINTETO CONTRAPUNTO<\/h2>\t\t\t\t<\/div>\n\t\t\t\t<\/div>\n\t\t\t\t<div class=\"elementor-element elementor-element-c8b917f elementor-widget elementor-widget-text-editor\" data-id=\"c8b917f\" data-element_type=\"widget\" data-widget_type=\"text-editor.default\">\n\t\t\t\t<div class=\"elementor-widget-container\">\n\t\t\t\t\t\t\t\t\t<p>El Quinteto Contrapunto es el primer proyecto artistico propio de La Mula Parda: cinco musicos chilenos de jazz y musica contemporanea que han encontrado en el flamenco un lenguaje nuevo.<\/p><p>El hilo conductor de su propuesta son los cantes de ida y vuelta: formas musicales que nacieron en Espana, cruzaron el Atlantico, absorbieron el ritmo y el alma de America, y regresaron a Espana convertidas en algo nuevo. Guajiras, colombianas, vidalitas.<\/p><p>El Quinteto Contrapunto hace ese viaje de nuevo, pero esta vez el jazz chileno es el interlocutor americano. El quinteto lo forman Maria La Patagona (voz), Alexis Riquero (guitarra flamenca), Felipe Duhart (guitarra acustica), Felipe Candia (percusion y bateria) y Nelson Vera (contrabajista). Con la intervencion especial al baile de Costanza Mardones.<\/p>\t\t\t\t\t\t\t\t<\/div>\n\t\t\t\t<\/div>\n\t\t\t\t<div class=\"elementor-element elementor-element-9764eba elementor-widget__width-auto elementor-widget elementor-widget-heading\" data-id=\"9764eba\" data-element_type=\"widget\" data-widget_type=\"heading.default\">\n\t\t\t\t<div class=\"elementor-widget-container\">\n\t\t\t\t\t<h2 class=\"elementor-heading-title elementor-size-default\">PROXIMOS EVENTOS<\/h2>\t\t\t\t<\/div>\n\t\t\t\t<\/div>\n\t\t\t\t<div class=\"elementor-element elementor-element-ad8395e elementor-widget elementor-widget-text-editor\" data-id=\"ad8395e\" data-element_type=\"widget\" data-widget_type=\"text-editor.default\">\n\t\t\t\t<div class=\"elementor-widget-container\">\n\t\t\t\t\t\t\t\t\t<p><strong>29 DE ABRIL DE 2026 \u2014 CENTRO ARTE ALAMEDA, SANTIAGO<\/strong><br \/>Quinteto Contrapunto: Jazzeros y Aflamencados, con Cantes de Ida y Vuelta. Sala CEINA, Arturo Prat 33. 20:00 h. Entradas en <a href=\"http:\/\/passline.com\/eventos\/quinteto-contrapunto-flamenco-jazz-fusion\">passline<\/a><\/p>\t\t\t\t\t\t\t\t<\/div>\n\t\t\t\t<\/div>\n\t\t\t\t<\/div>\n\t\t\t\t<\/div>\n\t\t<div class=\"elementor-element elementor-element-8e8ab59 e-con-full e-flex e-con e-child\" data-id=\"8e8ab59\" data-element_type=\"container\">\n\t\t\t\t<\/div>\n\t\t\t\t<\/div>\n\t\t\t\t<\/div>\n\t\t\t\t<\/div>\n\t\t","protected":false},"excerpt":{"rendered":"<p>Cata Jonda con Paqui Lara Como adelanto del Festival Flamenco \u00abLa Mula Parda -Cantes de ida y vuelta-\u00bb presentamos en Chile a Paqui Lara, acompa\u00f1ada por la guitarra de Manuel Peralta.\u2028El Festival que conmemorar\u00e1 el 15\u00ba aniversario de la declaraci\u00f3n del Flamenco como Patrimonio Cultural Inmaterial de la Humanidad por la UNESCO, ofrece un adelanto [&hellip;]<\/p>\n","protected":false},"author":1,"featured_media":0,"parent":0,"menu_order":0,"comment_status":"closed","ping_status":"closed","template":"","meta":{"footnotes":""},"class_list":["post-11","page","type-page","status-publish","hentry"],"_links":{"self":[{"href":"https:\/\/lamulaparda.cl\/index.php\/wp-json\/wp\/v2\/pages\/11","targetHints":{"allow":["GET"]}}],"collection":[{"href":"https:\/\/lamulaparda.cl\/index.php\/wp-json\/wp\/v2\/pages"}],"about":[{"href":"https:\/\/lamulaparda.cl\/index.php\/wp-json\/wp\/v2\/types\/page"}],"author":[{"embeddable":true,"href":"https:\/\/lamulaparda.cl\/index.php\/wp-json\/wp\/v2\/users\/1"}],"replies":[{"embeddable":true,"href":"https:\/\/lamulaparda.cl\/index.php\/wp-json\/wp\/v2\/comments?post=11"}],"version-history":[{"count":31,"href":"https:\/\/lamulaparda.cl\/index.php\/wp-json\/wp\/v2\/pages\/11\/revisions"}],"predecessor-version":[{"id":272,"href":"https:\/\/lamulaparda.cl\/index.php\/wp-json\/wp\/v2\/pages\/11\/revisions\/272"}],"wp:attachment":[{"href":"https:\/\/lamulaparda.cl\/index.php\/wp-json\/wp\/v2\/media?parent=11"}],"curies":[{"name":"wp","href":"https:\/\/api.w.org\/{rel}","templated":true}]}}